{"id":9189,"date":"2024-03-29T20:36:25","date_gmt":"2024-03-29T13:36:25","guid":{"rendered":"https:\/\/www.tid.vn\/san-pham\/ban-giam-sat-ip7ww-60d-dss-a1-console-bk"},"modified":"2024-05-10T06:14:46","modified_gmt":"2024-05-09T23:14:46","slug":"ban-giam-sat-ip7ww-60d-dss-a1-console-bk","status":"publish","type":"product","link":"https:\/\/www.tid.vn\/en\/san-pham\/ban-giam-sat-ip7ww-60d-dss-a1-console-bk","title":{"rendered":"Surveillance desk IP7WW-60D DSS-A1 CONSOLE (BK)"},"content":{"rendered":"<p>Th\u00f4ng s\u1ed1 k\u1ef9 thu\u1eadt:<\/p>\n<p>B\u00e0n gi\u00e1m s\u00e1t DSS 60 s\u1ed1 NEC SL2100 IP7WW-60D DSS-A1<br \/>\n&#8211; B\u00e0n gi\u00e1m s\u00e1t trung k\u1ebf v\u00e0 m\u00e1y nh\u00e1nh 60 ph\u00edm<br \/>\n&#8211; 60 ph\u00edm gi\u00e1m s\u00e1t c\u00f3 \u0111\u00e8n \u0111\u1ecf, xanh, c\u00f3 th\u1ec3 l\u1eadp tr\u00ecnh \u0111\u01b0\u1ee3c cho 60 ph\u00edm<br \/>\n&#8211; 2 n\u1ea5c \u0111i\u1ec1u ch\u1ec9nh g\u00f3c nh\u00ecn<br \/>\n&#8211; Ph\u00f9 h\u1ee3p d\u00f9ng cho ng\u01b0\u1eddi v\u1eadn h\u00e0nh, ti\u1ebfp t\u00e2n, tr\u1ef1c \u0111i\u1ec7n tho\u1ea1i\u2026<\/p>\n","protected":false},"excerpt":{"rendered":"<p>B\u00e0n gi\u00e1m s\u00e1t DSS 60 s\u1ed1 d\u00f9ng cho t\u1ed5ng \u0111\u00e0i NEC SL2100<\/p>\n","protected":false},"featured_media":9190,"comment_status":"closed","ping_status":"closed","template":"","meta":[],"_links":{"self":[{"href":"https:\/\/www.tid.vn\/en\/wp-json\/wp\/v2\/product\/9189"}],"collection":[{"href":"https:\/\/www.tid.vn\/en\/wp-json\/wp\/v2\/product"}],"about":[{"href":"https:\/\/www.tid.vn\/en\/wp-json\/wp\/v2\/types\/product"}],"replies":[{"embeddable":true,"href":"https:\/\/www.tid.vn\/en\/wp-json\/wp\/v2\/comments?post=9189"}],"wp:featuredmedia":[{"embeddable":true,"href":"https:\/\/www.tid.vn\/en\/wp-json\/wp\/v2\/media\/9190"}],"wp:attachment":[{"href":"https:\/\/www.tid.vn\/en\/wp-json\/wp\/v2\/media?parent=9189"}],"curies":[{"name":"wp","href":"https:\/\/api.w.org\/{rel}","templated":true}]}}