{"id":9166,"date":"2024-03-29T20:36:25","date_gmt":"2024-04-23T15:37:52","guid":{"rendered":"https:\/\/www.tid.vn\/?post_type=product&#038;p=9166"},"modified":"2024-04-24T17:46:01","modified_gmt":"2024-04-24T10:46:01","slug":"telephone-ip7ww-24txh-a1-tel-bk","status":"publish","type":"product","link":"https:\/\/www.tid.vn\/en\/san-pham\/telephone-ip7ww-24txh-a1-tel-bk","title":{"rendered":"Telephone  IP7WW-24TXH-A1 TEL (BK)"},"content":{"rendered":"<p>Th\u00f4ng s\u1ed1 k\u1ef9 thu\u1eadt:<\/p>\n<p>\u0110i\u1ec7n tho\u1ea1i l\u1eadp tr\u00ecnh NEC IP7WW-24TXH-A1 TEL<br \/>\n\u2013 \u0110i\u1ec7n tho\u1ea1i k\u1ef9 thu\u1eadt s\u1ed1 thi\u1ebft k\u1ebf \u0111\u1eb9p, d\u1ec5 s\u1eed d\u1ee5ng, giao di\u1ec7n tr\u1ef1c quan d\u00f9ng l\u1eadp tr\u00ecnh t\u1ed5ng \u0111\u00e0i, d\u00f9ng cho ti\u1ebfp t\u00e2n\u2026<br \/>\n\u2013 M\u00e0n h\u00ecnh hi\u1ec3n th\u1ecb LCD 16 k\u00fd t\u1ef1 x 2 d\u00f2ng<br \/>\n\u2013 24 ph\u00edm gi\u00e1m s\u00e1t trung k\u1ebf v\u00e0 m\u00e1y nh\u00e1nh, c\u00f3 \u0111\u00e8n b\u00e1o \u0111\u1ecf v\u00e0 xanh<br \/>\n\u2013 4 ph\u00edm g\u1ecdi nhanh\u2026<br \/>\n\u2013 \u0110\u00e8n b\u00e1o cu\u1ed9c g\u1ecdi \u0111\u1ebfn<br \/>\n\u2013 2 n\u1ea5c \u0111i\u1ec1u ch\u1ec9nh g\u00f3c nh\u00ecn<br \/>\n\u2013 Ch\u1ee9c n\u0103ng loa ngo\u00e0i Speaker-Phone 2 chi\u1ec1u<br \/>\n\u2013 C\u00f3 th\u1ec3 \u0111\u1ec3 b\u00e0n ho\u1eb7c treo t\u01b0\u1eddng<\/p>\n","protected":false},"excerpt":{"rendered":"<p>\u0110i\u1ec7n tho\u1ea1i l\u1eadp tr\u00ecnh cho t\u1ed5ng \u0111\u00e0i SL2100<\/p>\n","protected":false},"featured_media":9170,"comment_status":"closed","ping_status":"closed","template":"","meta":[],"_links":{"self":[{"href":"https:\/\/www.tid.vn\/en\/wp-json\/wp\/v2\/product\/9166"}],"collection":[{"href":"https:\/\/www.tid.vn\/en\/wp-json\/wp\/v2\/product"}],"about":[{"href":"https:\/\/www.tid.vn\/en\/wp-json\/wp\/v2\/types\/product"}],"replies":[{"embeddable":true,"href":"https:\/\/www.tid.vn\/en\/wp-json\/wp\/v2\/comments?post=9166"}],"wp:featuredmedia":[{"embeddable":true,"href":"https:\/\/www.tid.vn\/en\/wp-json\/wp\/v2\/media\/9170"}],"wp:attachment":[{"href":"https:\/\/www.tid.vn\/en\/wp-json\/wp\/v2\/media?parent=9166"}],"curies":[{"name":"wp","href":"https:\/\/api.w.org\/{rel}","templated":true}]}}