{"id":16060,"date":"2025-01-21T15:32:20","date_gmt":"2025-01-21T08:32:20","guid":{"rendered":"https:\/\/www.tid.vn\/?post_type=product&#038;p=16060"},"modified":"2026-01-13T10:16:34","modified_gmt":"2026-01-13T03:16:34","slug":"honeywell-x-map4","status":"publish","type":"product","link":"https:\/\/www.tid.vn\/en\/san-pham\/honeywell-x-map4","title":{"rendered":"Honeywell X-MAP4"},"content":{"rendered":"<p style=\"text-align: justify;\"><strong>Specifications:<\/strong><\/p>\n<p style=\"text-align: justify;\"><strong>FM<\/strong>\u00a087.5 \u2026 108 MHz<\/p>\n<p style=\"text-align: justify;\"><strong>Signal-to-noise ratio<\/strong>\u00a0&gt; 80 dB<\/p>\n<p style=\"text-align: justify;\"><strong>Harmonic distortion at the nominal level<\/strong>\u00a0&lt; 0.05 %<\/p>\n<p style=\"text-align: justify;\"><strong>Frequency response<\/strong>\u00a020-20KHz \u00b13dB<\/p>\n<p style=\"text-align: justify;\"><strong>Output voltage<\/strong>\u00a02 V DC \u00b1 0,2 V<\/p>\n<p style=\"text-align: justify;\"><strong>Rated voltage<\/strong>\u00a0100-240V AC 50\/60Hz<\/p>\n<p style=\"text-align: justify;\"><strong>Power consumption<\/strong>\u00a0&lt; 15W<\/p>\n<p style=\"text-align: justify;\"><strong>Inputs<\/strong>\u00a0FM 75 \u03a9, USB-Port, SD-Port, Bluetooth<\/p>\n<p style=\"text-align: justify;\"><strong>Outputs<\/strong>\u00a03 x Stereo RCA (Cinch)<\/p>\n<p style=\"text-align: justify;\"><strong>Net weight<\/strong>\u00a02.25 kg<\/p>\n<p style=\"text-align: justify;\"><strong>Gross weight<\/strong>\u00a03,6 kg<\/p>\n<p style=\"text-align: justify;\"><strong>Dimensions<\/strong>\u00a0W: 482 mm H: 44 mm D: 236 mm (1 HU)<\/p>\n","protected":false},"excerpt":{"rendered":"<p style=\"text-align: justify;\">The<strong> X-MAP4<\/strong> background music player integrates multiple audio sources into one modern system. It incorporates Digital Audio Broadcast (DAB) technology for audio performance and versatility. Play music to two zones at the same time or play audio files from any memory device \u2013 the X-MAP4 gives you the flexibility to do all this and more!<\/p>\n<p style=\"text-align: justify;\"><strong>FEATURES<\/strong><\/p>\n<p style=\"text-align: justify;\">\u2013 Mains voltage: ~ 220 V, 50 Hz<\/p>\n<p style=\"text-align: justify;\">\u2013 Channels: 2<\/p>\n<p style=\"text-align: justify;\">\u2013 Package size (W \u00d7 H \u00d7 D): 520 \u00d7 142 \u00d7 351 mm<\/p>\n<p style=\"text-align: justify;\">\u2013 Power consumption: &lt; 13 W<\/p>\n<p style=\"text-align: justify;\">\u2013 Dimensions (W \u00d7 H \u00d7 D): 482 \u00d7 44 \u00d7 252 mm<\/p>\n<p style=\"text-align: justify;\">\u2013 Output level: 850 mV<\/p>\n","protected":false},"featured_media":16061,"comment_status":"closed","ping_status":"closed","template":"","meta":[],"_links":{"self":[{"href":"https:\/\/www.tid.vn\/en\/wp-json\/wp\/v2\/product\/16060"}],"collection":[{"href":"https:\/\/www.tid.vn\/en\/wp-json\/wp\/v2\/product"}],"about":[{"href":"https:\/\/www.tid.vn\/en\/wp-json\/wp\/v2\/types\/product"}],"replies":[{"embeddable":true,"href":"https:\/\/www.tid.vn\/en\/wp-json\/wp\/v2\/comments?post=16060"}],"wp:featuredmedia":[{"embeddable":true,"href":"https:\/\/www.tid.vn\/en\/wp-json\/wp\/v2\/media\/16061"}],"wp:attachment":[{"href":"https:\/\/www.tid.vn\/en\/wp-json\/wp\/v2\/media?parent=16060"}],"curies":[{"name":"wp","href":"https:\/\/api.w.org\/{rel}","templated":true}]}}