{"id":15003,"date":"2025-01-11T11:28:12","date_gmt":"2025-01-11T04:28:12","guid":{"rendered":"https:\/\/www.tid.vn\/?post_type=product&#038;p=15003"},"modified":"2026-01-13T08:45:47","modified_gmt":"2026-01-13T01:45:47","slug":"i-pro-wv-u2142la","status":"publish","type":"product","link":"https:\/\/www.tid.vn\/en\/san-pham\/i-pro-wv-u2142la","title":{"rendered":"i-PRO WV-U2142LA"},"content":{"rendered":"<p style=\"text-align: justify;\"><strong>Specifications:<\/strong><\/p>\n<p style=\"text-align: justify;\"><span style=\"color: #3366ff;\"><strong>Camera<\/strong><\/span><\/p>\n<p style=\"text-align: justify;\"><strong>Image Sensor<\/strong>\u00a0Approx. 1\/2.7 type CMOS image sensor<\/p>\n<p style=\"text-align: justify;\"><strong>Minimum Illumination<\/strong><br \/>\nColor :<br \/>\n0.21 lx (30IRE, F2.0, 1\/30s, AGC:11)*<br \/>\n0.3 lx (50IRE, F2.0, 1\/30s, AGC:11)<br \/>\n0.019 lx (50IRE, F2.0, 16\/30s, AGC:11)*<\/p>\n<p style=\"text-align: justify;\">BW :<br \/>\n0 lx (50IRE, F2.0, 1\/30s, AGC:11, IR LED: On)<br \/>\n0.12 lx (50IRE, F2.0, 1\/30s, AGC:11)<br \/>\n0.0075 lx (50IRE, F2.0, 16\/30s, AGC:11)*<br \/>\n*Converted value<\/p>\n<p style=\"text-align: justify;\"><strong>White Balance<\/strong>\u00a0AWC (2,000 \u2013 10,000 K), ATW1 (2,700 \u2013 6,000 K), ATW2 (2,000 \u2013 6,000 K)<\/p>\n<p style=\"text-align: justify;\"><strong>Maximum Shutter<\/strong>\u00a0Max. 1\/10000 s to Max. 16\/30 s<\/p>\n<p style=\"text-align: justify;\"><strong>Intelligent Auto<\/strong>\u00a0On \/ Off<\/p>\n<p style=\"text-align: justify;\"><strong>Super Dynamic<\/strong>\u00a0On \/ Off, the level can be set in the range of 0 to 31.<\/p>\n<p style=\"text-align: justify;\"><strong>Dynamic Range<\/strong>\u00a0Max. 102 dB (Super Dynamic : On, Level: 31)<\/p>\n<p style=\"text-align: justify;\"><strong>Adaptive Black Stretch<\/strong>\u00a0\u2014<\/p>\n<p style=\"text-align: justify;\"><strong>Back Light Compensation\/High Light Compensation<\/strong><br \/>\nBLC (Back light compensation) \/ HLC (High light compensation) \/ Off<br \/>\n(only when Super dynamic \/ Intelligent Auto : Off)<\/p>\n<p style=\"text-align: justify;\"><strong>Fog Compensation<\/strong><br \/>\nOn\/ Off, The level can be set in the range of 0 to 8.<br \/>\n(only when Intelligent auto \/ auto contrast adjust: Off)<\/p>\n<p style=\"text-align: justify;\"><strong>Maximum Gain (AGC)<\/strong>\u00a0The level can be set in the range of 0 to 11.<\/p>\n<p style=\"text-align: justify;\"><strong>Color\/BW (ICR)<\/strong>\u00a0Off \/ On (IR Light Off) \/ On (IR Light On) \/ Auto1 (IR Light Off) \/ Auto2 (IR Light On) \/ Auto3 (SCC)<\/p>\n<p style=\"text-align: justify;\"><strong>IR LED Light<\/strong>\u00a0High \/ Middle \/ Low \/ Off, Maximum irradiation distance : 20 m {Approx. 65 ft}<\/p>\n<p style=\"text-align: justify;\"><strong>Digital Noise Reduction<\/strong>\u00a0The level can be set in the range of 0 to 255.<\/p>\n<p style=\"text-align: justify;\"><strong>Video Motion Detection (VMD)<\/strong>\u00a0On \/ Off, 4 areas available<\/p>\n<p style=\"text-align: justify;\"><strong>Scene Change Detection(SCD)<\/strong>\u00a0On \/ Off, 1 areas available<\/p>\n<p style=\"text-align: justify;\"><strong>Privacy Zone<\/strong>\u00a0On \/ Off (up to 8 zones available)<\/p>\n<p style=\"text-align: justify;\"><strong>Image Rotation<\/strong>\u00a00\u00b0 (Off)\/ 90\u00b0\/ 180\u00b0 (Upside-down)\/ 270\u00b0<\/p>\n<p style=\"text-align: justify;\"><strong>Camera Title (OSD)<\/strong>\u00a0On \/ Off, Up to 20 characters (alphanumeric characters, marks)<\/p>\n<p style=\"text-align: justify;\"><span style=\"color: #3366ff;\"><strong>Lens<\/strong><\/span><\/p>\n<p style=\"text-align: justify;\"><strong>Focal Length<\/strong>\u00a02.9 mm \u2013 7.3 mm{1\/8inches-9\/32inches}<\/p>\n<p style=\"text-align: justify;\"><strong>Zoom ratio<\/strong><br \/>\n2.5x Optical zoom (Motorized zoom \/ Motorized focus)<br \/>\n3.3x FHD Extra Optical Zoom (when resolution is 1920\u00d71080)<\/p>\n<p style=\"text-align: justify;\"><strong>Digital (electronic) zoom<\/strong>\u00a0Choose from 3 levels of x1, x2, x4<\/p>\n<p style=\"text-align: justify;\"><strong>Angular Field of View<\/strong><br \/>\n[16 : 9 mode] *[4:3 mode] is not supported.<br \/>\nHorizontal : 44\u00b0 (TELE) \u2013 102\u00b0 (WIDE)<br \/>\nVertical : 25\u00b0 (TELE) \u2013 57\u00b0 (WIDE)<\/p>\n<p style=\"text-align: justify;\"><strong>Maximum Aperture Ratio<\/strong>\u00a01 : 2.0 (WIDE) \u2013 1 : 3.0 (TELE)<\/p>\n<p style=\"text-align: justify;\"><strong>Focusing Range<\/strong>\u00a01 m {39-3\/8 inches} \u2013 \u221e<\/p>\n<p style=\"text-align: justify;\"><span style=\"color: #3366ff;\"><strong>Dori<\/strong><\/span><\/p>\n<p style=\"text-align: justify;\"><strong>Detect (25ppm \/ 8ppf)<\/strong>\u00a0Wide: 41.5 m \/136.0 ft, Tele: 126.7 m \/ 415.8 ft<\/p>\n<p style=\"text-align: justify;\"><strong>Observe (62.5ppm \/ 19ppf)<\/strong>\u00a0Wide: 16.6 m \/ 54.4 ft, Tele: 50.7 m \/ 166.3 ft<\/p>\n<p style=\"text-align: justify;\"><strong>Recognize (125ppm \/ 38ppf<\/strong>\u00a0Wide: 8.3 m \/ 27.2 ft, Tele: 25.3 m \/ 83.2 ft<\/p>\n<p style=\"text-align: justify;\"><strong>Identify (250ppm \/ 76ppf)<\/strong>\u00a0Wide: 4.1 m \/ 13.6 ft, Tele: 12.7 m \/ 41.6 ft<\/p>\n<p style=\"text-align: justify;\"><span style=\"color: #3366ff;\"><strong>Adjusting Angle<\/strong><\/span><\/p>\n<p style=\"text-align: justify;\"><strong>Adjusting Angle<\/strong><br \/>\nHorizontal (PAN) angle: \u00b1180\u00b0, Vertical (TILT) angle: -30 \u00b0\u2013 +85 \u00b0<br \/>\nAzimuth (YAW) angle: \u00b1100\u00b0<\/p>\n<p style=\"text-align: justify;\"><span style=\"color: #3366ff;\"><strong>Browser GUI<\/strong><\/span><\/p>\n<p style=\"text-align: justify;\"><strong>Camera Control<\/strong>\u00a0Brightness<\/p>\n<p style=\"text-align: justify;\"><strong>GUI \/ Setup Menu Language<\/strong>\u00a0English, Italian, French, German, Spanish, Portuguese, Russian, Chinese, Japanese<\/p>\n<p style=\"text-align: justify;\"><span style=\"color: #3366ff;\"><strong>Network<\/strong><\/span><\/p>\n<p style=\"text-align: justify;\"><strong>Network IF<\/strong>\u00a010Base-T \/ 100Base-TX, RJ45 connector<\/p>\n<p style=\"text-align: justify;\"><strong>Resolution H.265\/H.264<\/strong><br \/>\n[16:9 mode(2688\u00d71520 30fps mode)], [16:9 mode(2688\u00d71520 25fps mode)]<br \/>\n2688\u00d71520, 1920\u00d71080, 640\u00d7360, 320\u00d7180<br \/>\n[16:9 mode(30fps mode)], [16:9 mode(25fps mode)]<br \/>\n2560\u00d71440, 1920\u00d71080, 640\u00d7360, 320\u00d7180<br \/>\n*[4:3 mode] is not supported.<\/p>\n<p style=\"text-align: justify;\"><strong>H.265\/H.264<\/strong><br \/>\n[Transmission Mode]<br \/>\nConstant bit rate \/ VBR \/ Frame rate \/ Best effort<br \/>\n[Transmission Type]<br \/>\nUnicast \/ Multicast<br \/>\n[Max. frame rate foreach stream]<br \/>\nStream(1)<br \/>\n2688\u00d71520(30fps)<br \/>\n2560\u00d71440(30fps)<br \/>\n1920\u00d71080(30fps)<br \/>\nStream(2)<br \/>\nOff<br \/>\n640\u00d7360(30fps)<br \/>\n1920\u00d71080(30fps)<br \/>\nStream(3)<br \/>\nOff<br \/>\nOff<br \/>\n640\u00d7360(10fps)<br \/>\nJPEG(1)<br \/>\n2560\u00d71440(1fps)<br \/>\n2560\u00d71440(1fps)<br \/>\n2560\u00d71440(1fps)<br \/>\nJPEG(2)<br \/>\n1920\u00d71080(1fps)<br \/>\n1920\u00d71080(1fps)<br \/>\n1920\u00d71080(1fps)<\/p>\n<p style=\"text-align: justify;\"><strong>JPEG<\/strong><br \/>\n[Image Quality]<br \/>\n10 steps<\/p>\n<p style=\"text-align: justify;\"><strong>Smart Coding<\/strong><br \/>\nGOP(Group of pictures) control:<br \/>\nOn(Frame rate control)\/ On(Advanced)\/ On(Mid.)\/ On(Low)\/ Off<br \/>\n*Frame rate control and Advanced are only available with H.265.<br \/>\nAUTO VIQS: On\/ Off<\/p>\n<p style=\"text-align: justify;\"><strong>Audio Compression<\/strong>\u00a0\u2013<\/p>\n<p style=\"text-align: justify;\"><strong>Audio Transmission Mode<\/strong>\u00a0\u2013<\/p>\n<p style=\"text-align: justify;\"><strong>Supported Protocol<\/strong><br \/>\nIPv6 : TCP\/IP, UDP\/IP, HTTP, HTTPS, SSL\/TLS, SMTP, DNS, NTP, SNMPv1\/v2\/v3,<br \/>\nDHCPv6, RTP, MLD, ICMP, ARP, IEEE 802.1X, DiffServ, MQTT, LLDP<br \/>\nIPv4 : TCP\/IP, UDP\/IP, HTTP, HTTPS, SSL\/TLS, RTSP, RTP, RTP\/RTCP, SMTP, DHCP, DNS, DDNS,<br \/>\nNTP, SNMPv1\/v2\/v3, UPnP, IGMP, ICMP, ARP, IEEE 802.1X, DiffServ, MQTT, LLDP<\/p>\n<p style=\"text-align: justify;\"><strong>No. of Simultaneous Users<\/strong>\u00a0Up to 14 users (Depends on network conditions)<\/p>\n<p style=\"text-align: justify;\"><strong>SDXC\/SDHC\/SD Memory Card (Option)<\/strong><br \/>\nH.265\/H.264 recording: Manual REC \/ Alarm REC (Pre\/Post) \/ Schedule REC<br \/>\nCompatible SDXC\/SDHC\/SD Memory Card :<br \/>\nmicroSDXC memory card: 64 GB, 128 GB, 256 GB, 512 GB<br \/>\nmicroSDHC memory card: 4 GB, 8 GB, 16 GB, 32 GB<br \/>\nmicroSD memory card: 2 GB<\/p>\n<p style=\"text-align: justify;\"><strong>Mobile Terminal Compatibility<\/strong>\u00a0iPad, iPhone, AndroidTM terminals<\/p>\n<p style=\"text-align: justify;\"><strong>ONVIF\u00ae Profile<\/strong>\u00a0G \/ S \/ T<\/p>\n<p style=\"text-align: justify;\"><span style=\"color: #3366ff;\"><strong>Alarm<\/strong><\/span><\/p>\n<p style=\"text-align: justify;\"><strong>Alarm Source<\/strong>\u00a0VMD alarm, SCD alarm, Command alarm<\/p>\n<p style=\"text-align: justify;\"><strong>Alarm Actions<\/strong><br \/>\nSDXC\/SDHC\/SD memory recording, E-mail notification,<br \/>\nHTTP alarm notification Indication on browser, TCP alarm notification output<\/p>\n<p style=\"text-align: justify;\"><span style=\"color: #3366ff;\"><strong>Input\/Output<\/strong><\/span><\/p>\n<p style=\"text-align: justify;\"><strong>Audio input<\/strong>\u00a0\u2013<\/p>\n<p style=\"text-align: justify;\"><strong>Audio Output<\/strong>\u00a0\u2013<\/p>\n<p style=\"text-align: justify;\"><strong>External I\/O Terminals<\/strong>\u00a0\u2013<\/p>\n<p style=\"text-align: justify;\"><strong>Monitor Output<\/strong>\u00a0\u2013<\/p>\n<p style=\"text-align: justify;\"><span style=\"color: #3366ff;\"><strong>General<\/strong><\/span><\/p>\n<p style=\"text-align: justify;\"><strong>Safety<\/strong>\u00a0UL (UL60950-1), c-UL (CSA C22.2 No.60950-1), CE, IEC60950-1<\/p>\n<p style=\"text-align: justify;\"><strong>EMC<\/strong>\u00a0FCC (Part15 ClassA), ICES003 ClassA, EN55032 ClassB, EN55035<\/p>\n<p style=\"text-align: justify;\"><strong>Power Source and Power Consumption<\/strong><br \/>\nPoE (IEEE802.3af compliant) Device :<br \/>\nDC48 V 135 mA, Approx. 6.5 W (Class 0 device)<\/p>\n<p style=\"text-align: justify;\"><strong>Ambient Operating Temperature<\/strong><br \/>\n-10 \u00b0C to +50 \u00b0C (+14 \u00b0F to +122 \u00b0F)<br \/>\n{Power On range: 0 \u00b0C to +50 \u00b0C (+32\u00b0F to +122 \u00b0F)}<\/p>\n<p style=\"text-align: justify;\"><strong>Ambient Operating Humidity<\/strong>\u00a010 to 90 % (no condensation)<\/p>\n<p style=\"text-align: justify;\"><strong>Dimensions<\/strong><br \/>\n\u00f8129.5 mm x 101 mm (H) {\u00f85-3\/32 inches x 3-31\/32 inches (H)}<br \/>\nDome radius 40 mm {1-9\/16 inches}<\/p>\n<p style=\"text-align: justify;\"><strong>Mass (Approx.)<\/strong>\u00a0Approx. 350 g {0.77 lbs}<\/p>\n<p style=\"text-align: justify;\"><strong>Finish<\/strong>\u00a0Main body : ABS resin, i-PRO white Dome section : Acrylic resin, Clear<\/p>\n","protected":false},"excerpt":{"rendered":"<p style=\"text-align: justify;\">4MP Varifocal Lens Indoor Dome Network Camera.<\/p>\n<ul>\n<li style=\"text-align: justify;\">2688\u00d71520 pixel image up to 30fps<\/li>\n<li style=\"text-align: justify;\">2.5x built-in motorized zoom and motorized focus lens<\/li>\n<li style=\"text-align: justify;\">iA (intelligent Auto)<\/li>\n<li style=\"text-align: justify;\">Super Dynamic 102dB<\/li>\n<li style=\"text-align: justify;\">Color night vision (0.019 to 0.3 lx)<\/li>\n<li style=\"text-align: justify;\">H.265 Smart Coding<\/li>\n<li style=\"text-align: justify;\">Corridor mode (90 degrees or 270 degrees in image rotation)<\/li>\n<li style=\"text-align: justify;\">Built-in IR LED<\/li>\n<li style=\"text-align: justify;\">NDAA Compliant<\/li>\n<\/ul>\n","protected":false},"featured_media":12238,"comment_status":"closed","ping_status":"closed","template":"","meta":[],"_links":{"self":[{"href":"https:\/\/www.tid.vn\/en\/wp-json\/wp\/v2\/product\/15003"}],"collection":[{"href":"https:\/\/www.tid.vn\/en\/wp-json\/wp\/v2\/product"}],"about":[{"href":"https:\/\/www.tid.vn\/en\/wp-json\/wp\/v2\/types\/product"}],"replies":[{"embeddable":true,"href":"https:\/\/www.tid.vn\/en\/wp-json\/wp\/v2\/comments?post=15003"}],"wp:featuredmedia":[{"embeddable":true,"href":"https:\/\/www.tid.vn\/en\/wp-json\/wp\/v2\/media\/12238"}],"wp:attachment":[{"href":"https:\/\/www.tid.vn\/en\/wp-json\/wp\/v2\/media?parent=15003"}],"curies":[{"name":"wp","href":"https:\/\/api.w.org\/{rel}","templated":true}]}}